{"id":3777,"date":"2013-04-02T22:02:41","date_gmt":"2013-04-02T20:02:41","guid":{"rendered":"http:\/\/juerghasler.ch\/public-new\/?page_id=3777"},"modified":"2019-10-20T13:25:05","modified_gmt":"2019-10-20T11:25:05","slug":"wischmaschinen","status":"publish","type":"page","link":"http:\/\/juerghasler.ch\/public-new\/home\/maschinenhandel\/wischmaschinen\/","title":{"rendered":"Wischmaschinen"},"content":{"rendered":"<div class=\"fusion-fullwidth fullwidth-box fusion-builder-row-1 hundred-percent-fullwidth non-hundred-percent-height-scrolling\"  style='background-color: rgba(255,255,255,0);background-position: center center;background-repeat: no-repeat;padding-top:0px;padding-right:0px;padding-bottom:0px;padding-left:0px;border-top-width:0px;border-bottom-width:0px;border-color:#eae9e9;border-top-style:solid;border-bottom-style:solid;'><div class=\"fusion-builder-row fusion-row \"><div  class=\"fusion-layout-column fusion_builder_column fusion_builder_column_1_1 fusion-builder-column-1 fusion-one-full fusion-column-first fusion-column-last fusion-column-no-min-height 1_1\"  style='margin-top:0px;margin-bottom:0px;'>\n\t\t\t\t\t<div class=\"fusion-column-wrapper\" style=\"background-position:left top;background-repeat:no-repeat;-webkit-background-size:cover;-moz-background-size:cover;-o-background-size:cover;background-size:cover;\"   data-bg-url=\"\">\n\t\t\t\t\t\t<style type=\"text\/css\"><\/style><div class=\"fusion-title title fusion-title-1 fusion-title-text fusion-title-size-two\" style=\"margin-top:0px;margin-bottom:31px;\"><h2 class=\"title-heading-left\" style=\"margin:0;\">Hydraulische Anbaukehrmaschine<\/h2><div class=\"title-sep-container\"><div class=\"title-sep sep-\" style=\"border-color:#e0dede;\"><\/div><\/div><\/div>\n<p>Anbaukehrmaschinen gibt es in gro\u00dfer (Kehrwalzendruchmesser 570mm) und in kleiner Ausf\u00fchrung.<\/p>\n<p>Beide Varianten sind sowohl im Heck- als auch im Frontbau einsetzbar. Die Kehrmaschinen besitzen einen Hydraulikantrieb.<\/p>\n<div class=\"fusion-clearfix\"><\/div>\n\n\t\t\t\t\t<\/div>\n\t\t\t\t<\/div><div  class=\"fusion-layout-column fusion_builder_column fusion_builder_column_1_1 fusion-builder-column-2 fusion-one-full fusion-column-first fusion-column-last fusion-column-no-min-height 1_1\"  style='margin-top:0px;margin-bottom:0px;'>\n\t\t\t\t\t<div class=\"fusion-column-wrapper\" style=\"background-position:left top;background-repeat:no-repeat;-webkit-background-size:cover;-moz-background-size:cover;-o-background-size:cover;background-size:cover;\"   data-bg-url=\"\">\n\t\t\t\t\t\t<style type=\"text\/css\"><\/style><div class=\"fusion-title title fusion-title-2 fusion-title-text fusion-title-size-three\" style=\"margin-top:0px;margin-bottom:31px;\"><h3 class=\"title-heading-left\" style=\"margin:0;\">Technische Daten<\/h3><div class=\"title-sep-container\"><div class=\"title-sep sep-\" style=\"border-color:#e0dede;\"><\/div><\/div><\/div>\n<table>\n<tbody>\n<tr>\n<td colspan=\"5\"><b>Kehrmaschine klein &#8211; Kehrwalzendurchmesser 400mm<\/b><\/td>\n<\/tr>\n<tr>\n<td width=\"20%\">Arbeitsbreite<\/td>\n<td width=\"20%\">1000mm<\/td>\n<td width=\"20%\">1200mm<\/td>\n<td width=\"20%\">1300mm<\/td>\n<td width=\"20%\">1600mm<\/td>\n<\/tr>\n<tr>\n<td width=\"20%\">Gewicht<\/td>\n<td width=\"20%\">190kg<\/td>\n<td width=\"20%\">200kg<\/td>\n<td width=\"20%\">205kg<\/td>\n<td width=\"20%\">210kg<\/td>\n<\/tr>\n<tr>\n<td><\/td>\n<\/tr>\n<tr>\n<td colspan=\"5\"><b>Kehrmaschine gro\u00df &#8211; Kehrwalzendurchmesser 570mm<\/b><\/td>\n<\/tr>\n<tr>\n<td width=\"20%\">Arbeitsbreite<\/td>\n<td width=\"20%\">1200mm<\/td>\n<td width=\"20%\">1500mm<\/td>\n<td width=\"20%\">1800mm<\/td>\n<td width=\"20%\">2400mm<\/td>\n<\/tr>\n<tr>\n<td width=\"20%\">Gewicht<\/td>\n<td width=\"20%\">220kg<\/td>\n<td width=\"20%\">245kg<\/td>\n<td width=\"20%\">265kg<\/td>\n<td width=\"20%\">305kg<\/td>\n<\/tr>\n<\/tbody>\n<\/table>\n<p>&nbsp;<\/p>\n<div class=\"fusion-clearfix\"><\/div>\n\n\t\t\t\t\t<\/div>\n\t\t\t\t<\/div><div  class=\"fusion-layout-column fusion_builder_column fusion_builder_column_1_1 fusion-builder-column-3 fusion-one-full fusion-column-first fusion-column-last fusion-column-no-min-height 1_1\"  style='margin-top:0px;margin-bottom:0px;'>\n\t\t\t\t\t<div class=\"fusion-column-wrapper\" style=\"background-position:left top;background-repeat:no-repeat;-webkit-background-size:cover;-moz-background-size:cover;-o-background-size:cover;background-size:cover;\"   data-bg-url=\"\">\n\t\t\t\t\t\t<style type=\"text\/css\"><\/style><div class=\"fusion-title title fusion-title-3 fusion-title-text fusion-title-size-three\" style=\"margin-top:0px;margin-bottom:31px;\"><h3 class=\"title-heading-left\" style=\"margin:0;\">Anbau an<\/h3><div class=\"title-sep-container\"><div class=\"title-sep sep-\" style=\"border-color:#e0dede;\"><\/div><\/div><\/div>\n<div class=\"fusion-clearfix\"><\/div>\n\n\t\t\t\t\t<\/div>\n\t\t\t\t<\/div><div  class=\"fusion-layout-column fusion_builder_column fusion_builder_column_1_1 fusion-builder-column-4 fusion-one-full fusion-column-first fusion-column-last fusion-column-no-min-height 1_1\"  style='margin-top:0px;margin-bottom:0px;'>\n\t\t\t\t\t<div class=\"fusion-column-wrapper\" style=\"background-position:left top;background-repeat:no-repeat;-webkit-background-size:cover;-moz-background-size:cover;-o-background-size:cover;background-size:cover;\"   data-bg-url=\"\">\n\t\t\t\t\t\t<ul class=\"fusion-checklist fusion-checklist-1\" style=\"font-size:14px;line-height:23.8px;\">\n\n<li class=\"fusion-li-item\"><span style=\"background-color:#9db668;font-size:12.32px;height:23.8px;width:23.8px;margin-right:9.8px;\" class=\"icon-wrapper circle-yes\"><i class=\"fusion-li-icon fa fa-check\" style=\"color:#ffffff;\"><\/i><\/span><div class=\"fusion-li-item-content\" style=\"margin-left:33.6px;\">Traktoren \/ Schlepper (mit Heck- und Fronktanbau)<\/div><\/li>\n<li class=\"fusion-li-item\"><span style=\"background-color:#9db668;font-size:12.32px;height:23.8px;width:23.8px;margin-right:9.8px;\" class=\"icon-wrapper circle-yes\"><i class=\"fusion-li-icon fa fa-check\" style=\"color:#ffffff;\"><\/i><\/span><div class=\"fusion-li-item-content\" style=\"margin-left:33.6px;\">Gabelstapler<\/div><\/li>\n<li class=\"fusion-li-item\"><span style=\"background-color:#9db668;font-size:12.32px;height:23.8px;width:23.8px;margin-right:9.8px;\" class=\"icon-wrapper circle-yes\"><i class=\"fusion-li-icon fa fa-check\" style=\"color:#ffffff;\"><\/i><\/span><div class=\"fusion-li-item-content\" style=\"margin-left:33.6px;\">Hoflader<\/div><\/li>\n<li class=\"fusion-li-item\"><span style=\"background-color:#9db668;font-size:12.32px;height:23.8px;width:23.8px;margin-right:9.8px;\" class=\"icon-wrapper circle-yes\"><i class=\"fusion-li-icon fa fa-check\" style=\"color:#ffffff;\"><\/i><\/span><div class=\"fusion-li-item-content\" style=\"margin-left:33.6px;\">kleine Radlader<\/div><\/li>\n<li class=\"fusion-li-item\"><span style=\"background-color:#9db668;font-size:12.32px;height:23.8px;width:23.8px;margin-right:9.8px;\" class=\"icon-wrapper circle-yes\"><i class=\"fusion-li-icon fa fa-check\" style=\"color:#ffffff;\"><\/i><\/span><div class=\"fusion-li-item-content\" style=\"margin-left:33.6px;\">Sonderanbau<\/div><\/li>\n\n<\/ul>\n<p>&nbsp;<\/p>\n<div class=\"fusion-clearfix\"><\/div>\n\n\t\t\t\t\t<\/div>\n\t\t\t\t<\/div><div  class=\"fusion-layout-column fusion_builder_column fusion_builder_column_1_1 fusion-builder-column-5 fusion-one-full fusion-column-first fusion-column-last fusion-column-no-min-height 1_1\"  style='margin-top:0px;margin-bottom:0px;'>\n\t\t\t\t\t<div class=\"fusion-column-wrapper\" style=\"background-position:left top;background-repeat:no-repeat;-webkit-background-size:cover;-moz-background-size:cover;-o-background-size:cover;background-size:cover;\"   data-bg-url=\"\">\n\t\t\t\t\t\t<style type=\"text\/css\"><\/style><div class=\"fusion-title title fusion-title-4 fusion-title-text fusion-title-size-three\" style=\"margin-top:0px;margin-bottom:31px;\"><h3 class=\"title-heading-left\" style=\"margin:0;\">Serienm\u00e4ssige Ausstattung<\/h3><div class=\"title-sep-container\"><div class=\"title-sep sep-\" style=\"border-color:#e0dede;\"><\/div><\/div><\/div>\n<div class=\"fusion-clearfix\"><\/div>\n\n\t\t\t\t\t<\/div>\n\t\t\t\t<\/div><div  class=\"fusion-layout-column fusion_builder_column fusion_builder_column_1_1 fusion-builder-column-6 fusion-one-full fusion-column-first fusion-column-last fusion-column-no-min-height 1_1\"  style='margin-top:0px;margin-bottom:0px;'>\n\t\t\t\t\t<div class=\"fusion-column-wrapper\" style=\"background-position:left top;background-repeat:no-repeat;-webkit-background-size:cover;-moz-background-size:cover;-o-background-size:cover;background-size:cover;\"   data-bg-url=\"\">\n\t\t\t\t\t\t<ul class=\"fusion-checklist fusion-checklist-2\" style=\"font-size:14px;line-height:23.8px;\">\n\n<li class=\"fusion-li-item\"><span style=\"background-color:#9db668;font-size:12.32px;height:23.8px;width:23.8px;margin-right:9.8px;\" class=\"icon-wrapper circle-yes\"><i class=\"fusion-li-icon fa fa-check\" style=\"color:#ffffff;\"><\/i><\/span><div class=\"fusion-li-item-content\" style=\"margin-left:33.6px;\">Kehrwalzenelemente mit verschlei\u00dffester PP-Kunststoffborste<\/div><\/li>\n<li class=\"fusion-li-item\"><span style=\"background-color:#9db668;font-size:12.32px;height:23.8px;width:23.8px;margin-right:9.8px;\" class=\"icon-wrapper circle-yes\"><i class=\"fusion-li-icon fa fa-check\" style=\"color:#ffffff;\"><\/i><\/span><div class=\"fusion-li-item-content\" style=\"margin-left:33.6px;\">mechanische Seitenverstellung (Zahnscheibe)<\/div><\/li>\n<li class=\"fusion-li-item\"><span style=\"background-color:#9db668;font-size:12.32px;height:23.8px;width:23.8px;margin-right:9.8px;\" class=\"icon-wrapper circle-yes\"><i class=\"fusion-li-icon fa fa-check\" style=\"color:#ffffff;\"><\/i><\/span><div class=\"fusion-li-item-content\" style=\"margin-left:33.6px;\">Laufr\u00e4der verst\u00e4rkt (2 St\u00fcck Kehrmaschine \/ 2 St\u00fcck Sammelwanne)<\/div><\/li>\n<li class=\"fusion-li-item\"><span style=\"background-color:#9db668;font-size:12.32px;height:23.8px;width:23.8px;margin-right:9.8px;\" class=\"icon-wrapper circle-yes\"><i class=\"fusion-li-icon fa fa-check\" style=\"color:#ffffff;\"><\/i><\/span><div class=\"fusion-li-item-content\" style=\"margin-left:33.6px;\">St\u00fctzradhalter mit Spindel<\/div><\/li>\n<li class=\"fusion-li-item\"><span style=\"background-color:#9db668;font-size:12.32px;height:23.8px;width:23.8px;margin-right:9.8px;\" class=\"icon-wrapper circle-yes\"><i class=\"fusion-li-icon fa fa-check\" style=\"color:#ffffff;\"><\/i><\/span><div class=\"fusion-li-item-content\" style=\"margin-left:33.6px;\">Wannenentleerung per Seil<\/div><\/li>\n<li class=\"fusion-li-item\"><span style=\"background-color:#9db668;font-size:12.32px;height:23.8px;width:23.8px;margin-right:9.8px;\" class=\"icon-wrapper circle-yes\"><i class=\"fusion-li-icon fa fa-check\" style=\"color:#ffffff;\"><\/i><\/span><div class=\"fusion-li-item-content\" style=\"margin-left:33.6px;\">Spritzschutz bei montierter Sammelwanne<\/div><\/li>\n\n<\/ul>\n<p>&nbsp;<\/p>\n<div class=\"fusion-clearfix\"><\/div>\n\n\t\t\t\t\t<\/div>\n\t\t\t\t<\/div><div  class=\"fusion-layout-column fusion_builder_column fusion_builder_column_1_1 fusion-builder-column-7 fusion-one-full fusion-column-first fusion-column-last fusion-column-no-min-height 1_1\"  style='margin-top:0px;margin-bottom:0px;'>\n\t\t\t\t\t<div class=\"fusion-column-wrapper\" style=\"background-position:left top;background-repeat:no-repeat;-webkit-background-size:cover;-moz-background-size:cover;-o-background-size:cover;background-size:cover;\"   data-bg-url=\"\">\n\t\t\t\t\t\t<style type=\"text\/css\"><\/style><div class=\"fusion-title title fusion-title-5 fusion-title-text fusion-title-size-three\" style=\"margin-top:0px;margin-bottom:31px;\"><h3 class=\"title-heading-left\" style=\"margin:0;\">Sonderausr\u00fcstung<\/h3><div class=\"title-sep-container\"><div class=\"title-sep sep-\" style=\"border-color:#e0dede;\"><\/div><\/div><\/div>\n<div class=\"fusion-clearfix\"><\/div>\n\n\t\t\t\t\t<\/div>\n\t\t\t\t<\/div><div  class=\"fusion-layout-column fusion_builder_column fusion_builder_column_1_1 fusion-builder-column-8 fusion-one-full fusion-column-first fusion-column-last fusion-column-no-min-height 1_1\"  style='margin-top:0px;margin-bottom:0px;'>\n\t\t\t\t\t<div class=\"fusion-column-wrapper\" style=\"background-position:left top;background-repeat:no-repeat;-webkit-background-size:cover;-moz-background-size:cover;-o-background-size:cover;background-size:cover;\"   data-bg-url=\"\">\n\t\t\t\t\t\t<ul class=\"fusion-checklist fusion-checklist-3\" style=\"font-size:14px;line-height:23.8px;\">\n\n<li class=\"fusion-li-item\"><span style=\"background-color:#9db668;font-size:12.32px;height:23.8px;width:23.8px;margin-right:9.8px;\" class=\"icon-wrapper circle-yes\"><i class=\"fusion-li-icon fa fa-check\" style=\"color:#ffffff;\"><\/i><\/span><div class=\"fusion-li-item-content\" style=\"margin-left:33.6px;\">hydraulische Schwenkeinrichtung<\/div><\/li>\n<li class=\"fusion-li-item\"><span style=\"background-color:#9db668;font-size:12.32px;height:23.8px;width:23.8px;margin-right:9.8px;\" class=\"icon-wrapper circle-yes\"><i class=\"fusion-li-icon fa fa-check\" style=\"color:#ffffff;\"><\/i><\/span><div class=\"fusion-li-item-content\" style=\"margin-left:33.6px;\">hydraulische Entleerung f\u00fcr Schmutzsammelwanne<\/div><\/li>\n<li class=\"fusion-li-item\"><span style=\"background-color:#9db668;font-size:12.32px;height:23.8px;width:23.8px;margin-right:9.8px;\" class=\"icon-wrapper circle-yes\"><i class=\"fusion-li-icon fa fa-check\" style=\"color:#ffffff;\"><\/i><\/span><div class=\"fusion-li-item-content\" style=\"margin-left:33.6px;\">hydraulischer Seitenbesen<\/div><\/li>\n<li class=\"fusion-li-item\"><span style=\"background-color:#9db668;font-size:12.32px;height:23.8px;width:23.8px;margin-right:9.8px;\" class=\"icon-wrapper circle-yes\"><i class=\"fusion-li-icon fa fa-check\" style=\"color:#ffffff;\"><\/i><\/span><div class=\"fusion-li-item-content\" style=\"margin-left:33.6px;\">Wasserspr\u00fcheinrichtung<\/div><\/li>\n<li class=\"fusion-li-item\"><span style=\"background-color:#9db668;font-size:12.32px;height:23.8px;width:23.8px;margin-right:9.8px;\" class=\"icon-wrapper circle-yes\"><i class=\"fusion-li-icon fa fa-check\" style=\"color:#ffffff;\"><\/i><\/span><div class=\"fusion-li-item-content\" style=\"margin-left:33.6px;\">Umlenkeinrichtung f\u00fcr Seilzug<\/div><\/li>\n<li class=\"fusion-li-item\"><span style=\"background-color:#9db668;font-size:12.32px;height:23.8px;width:23.8px;margin-right:9.8px;\" class=\"icon-wrapper circle-yes\"><i class=\"fusion-li-icon fa fa-check\" style=\"color:#ffffff;\"><\/i><\/span><div class=\"fusion-li-item-content\" style=\"margin-left:33.6px;\">Abstellst\u00fctze<\/div><\/li>\n<li class=\"fusion-li-item\"><span style=\"background-color:#9db668;font-size:12.32px;height:23.8px;width:23.8px;margin-right:9.8px;\" class=\"icon-wrapper circle-yes\"><i class=\"fusion-li-icon fa fa-check\" style=\"color:#ffffff;\"><\/i><\/span><div class=\"fusion-li-item-content\" style=\"margin-left:33.6px;\">Kratzerschiene<\/div><\/li>\n<li class=\"fusion-li-item\"><span style=\"background-color:#9db668;font-size:12.32px;height:23.8px;width:23.8px;margin-right:9.8px;\" class=\"icon-wrapper circle-yes\"><i class=\"fusion-li-icon fa fa-check\" style=\"color:#ffffff;\"><\/i><\/span><div class=\"fusion-li-item-content\" style=\"margin-left:33.6px;\">Fahnenhalter und Warnmarkierung<\/div><\/li>\n<li class=\"fusion-li-item\"><span style=\"background-color:#9db668;font-size:12.32px;height:23.8px;width:23.8px;margin-right:9.8px;\" class=\"icon-wrapper circle-yes\"><i class=\"fusion-li-icon fa fa-check\" style=\"color:#ffffff;\"><\/i><\/span><div class=\"fusion-li-item-content\" style=\"margin-left:33.6px;\">Beleuchtungseinrichtung<\/div><\/li>\n<li class=\"fusion-li-item\"><span style=\"background-color:#9db668;font-size:12.32px;height:23.8px;width:23.8px;margin-right:9.8px;\" class=\"icon-wrapper circle-yes\"><i class=\"fusion-li-icon fa fa-check\" style=\"color:#ffffff;\"><\/i><\/span><div class=\"fusion-li-item-content\" style=\"margin-left:33.6px;\">Kehrwalze mit Mischbesatz (PP\/Stahl)<\/div><\/li>\n<li class=\"fusion-li-item\"><span style=\"background-color:#9db668;font-size:12.32px;height:23.8px;width:23.8px;margin-right:9.8px;\" class=\"icon-wrapper circle-yes\"><i class=\"fusion-li-icon fa fa-check\" style=\"color:#ffffff;\"><\/i><\/span><div class=\"fusion-li-item-content\" style=\"margin-left:33.6px;\">Spezialkehrwalze f\u00fcr Laub und Schnee<\/div><\/li>\n<li class=\"fusion-li-item\"><span style=\"background-color:#9db668;font-size:12.32px;height:23.8px;width:23.8px;margin-right:9.8px;\" class=\"icon-wrapper circle-yes\"><i class=\"fusion-li-icon fa fa-check\" style=\"color:#ffffff;\"><\/i><\/span><div class=\"fusion-li-item-content\" style=\"margin-left:33.6px;\">Kehrwalze aus Stahl<\/div><\/li>\n<li class=\"fusion-li-item\"><span style=\"background-color:#9db668;font-size:12.32px;height:23.8px;width:23.8px;margin-right:9.8px;\" class=\"icon-wrapper circle-yes\"><i class=\"fusion-li-icon fa fa-check\" style=\"color:#ffffff;\"><\/i><\/span><div class=\"fusion-li-item-content\" style=\"margin-left:33.6px;\">Verzinktes Geh\u00e4use<\/div><\/li>\n\n<\/ul>\n<div class=\"fusion-clearfix\"><\/div>\n\n\t\t\t\t\t<\/div>\n\t\t\t\t<\/div><div  class=\"fusion-layout-column fusion_builder_column fusion_builder_column_1_1 fusion-builder-column-9 fusion-one-full fusion-column-first fusion-column-last fusion-column-no-min-height 1_1\"  style='margin-top:0px;margin-bottom:0px;'>\n\t\t\t\t\t<div class=\"fusion-column-wrapper\" style=\"background-position:left top;background-repeat:no-repeat;-webkit-background-size:cover;-moz-background-size:cover;-o-background-size:cover;background-size:cover;\"   data-bg-url=\"\">\n\t\t\t\t\t\t<style type=\"text\/css\"><\/style><div class=\"fusion-title title fusion-title-6 fusion-title-text fusion-title-size-two\" style=\"margin-top:0px;margin-bottom:31px;\"><h2 class=\"title-heading-left\" style=\"margin:0;\">Feedback<\/h2><div class=\"title-sep-container\"><div class=\"title-sep sep-\" style=\"border-color:#e0dede;\"><\/div><\/div><\/div>\n<p>Haben Sie bei uns eine Wischmaschine gekauft und sind zufrieden damit? Dann nutzen Sie doch unser Feedback Formular und teilen Sie uns dies mit.<\/p>\n<p>&nbsp;<div class=\"fusion-clearfix\"><\/div>\n\n\t\t\t\t\t<\/div>\n\t\t\t\t<\/div><\/div><\/div>\n","protected":false},"excerpt":{"rendered":"","protected":false},"author":2,"featured_media":0,"parent":3662,"menu_order":30,"comment_status":"open","ping_status":"closed","template":"side-navigation.php","meta":{"ngg_post_thumbnail":0,"footnotes":""},"class_list":["post-3777","page","type-page","status-publish","hentry"],"yoast_head":"<!-- This site is optimized with the Yoast SEO plugin v15.5 - https:\/\/yoast.com\/wordpress\/plugins\/seo\/ -->\r\n<title>Wischmaschinen - Top Angebot - juerghasler.ch<\/title>\r\n<meta name=\"description\" content=\"Hydraulische Anbaukehrmaschine \/ Wischmaschine f\u00fcr 3-punkt Anbau an Traktor, Hoflader etc., Top Angebot!\" \/>\r\n<meta name=\"robots\" content=\"index, follow, max-snippet:-1, max-image-preview:large, max-video-preview:-1\" \/>\r\n<link rel=\"canonical\" href=\"http:\/\/juerghasler.ch\/public-new\/home\/maschinenhandel\/wischmaschinen\/\" \/>\r\n<meta property=\"og:locale\" content=\"de_DE\" \/>\r\n<meta property=\"og:type\" content=\"article\" \/>\r\n<meta property=\"og:title\" content=\"Wischmaschinen - Top Angebot - juerghasler.ch\" \/>\r\n<meta property=\"og:description\" content=\"Hydraulische Anbaukehrmaschine \/ Wischmaschine f\u00fcr 3-punkt Anbau an Traktor, Hoflader etc., Top Angebot!\" \/>\r\n<meta property=\"og:url\" content=\"http:\/\/juerghasler.ch\/public-new\/home\/maschinenhandel\/wischmaschinen\/\" \/>\r\n<meta property=\"og:site_name\" content=\"juerghasler.ch\" \/>\r\n<meta property=\"article:modified_time\" content=\"2019-10-20T11:25:05+00:00\" \/>\r\n<meta name=\"twitter:label1\" content=\"Gesch\u00e4tzte Lesezeit\">\n\t<meta name=\"twitter:data1\" content=\"3\u00a0Minuten\">\r\n<script type=\"application\/ld+json\" class=\"yoast-schema-graph\">{\"@context\":\"https:\/\/schema.org\",\"@graph\":[{\"@type\":\"WebSite\",\"@id\":\"http:\/\/juerghasler.ch\/public-new\/#website\",\"url\":\"http:\/\/juerghasler.ch\/public-new\/\",\"name\":\"juerghasler.ch\",\"description\":\"Ihr Partner in der Landwirtschaft\",\"potentialAction\":[{\"@type\":\"SearchAction\",\"target\":\"http:\/\/juerghasler.ch\/public-new\/?s={search_term_string}\",\"query-input\":\"required name=search_term_string\"}],\"inLanguage\":\"de\"},{\"@type\":\"WebPage\",\"@id\":\"http:\/\/juerghasler.ch\/public-new\/home\/maschinenhandel\/wischmaschinen\/#webpage\",\"url\":\"http:\/\/juerghasler.ch\/public-new\/home\/maschinenhandel\/wischmaschinen\/\",\"name\":\"Wischmaschinen - Top Angebot - juerghasler.ch\",\"isPartOf\":{\"@id\":\"http:\/\/juerghasler.ch\/public-new\/#website\"},\"datePublished\":\"2013-04-02T20:02:41+00:00\",\"dateModified\":\"2019-10-20T11:25:05+00:00\",\"description\":\"Hydraulische Anbaukehrmaschine \/ Wischmaschine f\\u00fcr 3-punkt Anbau an Traktor, Hoflader etc., Top Angebot!\",\"inLanguage\":\"de\",\"potentialAction\":[{\"@type\":\"ReadAction\",\"target\":[\"http:\/\/juerghasler.ch\/public-new\/home\/maschinenhandel\/wischmaschinen\/\"]}]}]}<\/script>\r\n<!-- \/ Yoast SEO plugin. -->","_links":{"self":[{"href":"http:\/\/juerghasler.ch\/public-new\/wp-json\/wp\/v2\/pages\/3777","targetHints":{"allow":["GET"]}}],"collection":[{"href":"http:\/\/juerghasler.ch\/public-new\/wp-json\/wp\/v2\/pages"}],"about":[{"href":"http:\/\/juerghasler.ch\/public-new\/wp-json\/wp\/v2\/types\/page"}],"author":[{"embeddable":true,"href":"http:\/\/juerghasler.ch\/public-new\/wp-json\/wp\/v2\/users\/2"}],"replies":[{"embeddable":true,"href":"http:\/\/juerghasler.ch\/public-new\/wp-json\/wp\/v2\/comments?post=3777"}],"version-history":[{"count":10,"href":"http:\/\/juerghasler.ch\/public-new\/wp-json\/wp\/v2\/pages\/3777\/revisions"}],"predecessor-version":[{"id":5378,"href":"http:\/\/juerghasler.ch\/public-new\/wp-json\/wp\/v2\/pages\/3777\/revisions\/5378"}],"up":[{"embeddable":true,"href":"http:\/\/juerghasler.ch\/public-new\/wp-json\/wp\/v2\/pages\/3662"}],"wp:attachment":[{"href":"http:\/\/juerghasler.ch\/public-new\/wp-json\/wp\/v2\/media?parent=3777"}],"curies":[{"name":"wp","href":"https:\/\/api.w.org\/{rel}","templated":true}]}}