{"id":3634,"date":"2013-04-01T01:31:27","date_gmt":"2013-03-31T23:31:27","guid":{"rendered":"http:\/\/juerghasler.ch\/public-new\/?page_id=3634"},"modified":"2019-10-20T13:25:20","modified_gmt":"2019-10-20T11:25:20","slug":"lohnunternehmen","status":"publish","type":"page","link":"http:\/\/juerghasler.ch\/public-new\/home\/lohnunternehmen\/","title":{"rendered":"Lohnunternehmen"},"content":{"rendered":"<div class=\"fusion-fullwidth fullwidth-box fusion-builder-row-1 hundred-percent-fullwidth non-hundred-percent-height-scrolling\"  style='background-color: rgba(255,255,255,0);background-position: center center;background-repeat: no-repeat;padding-top:0px;padding-right:0px;padding-bottom:0px;padding-left:0px;border-top-width:0px;border-bottom-width:0px;border-color:#eae9e9;border-top-style:solid;border-bottom-style:solid;'><div class=\"fusion-builder-row fusion-row \"><div  class=\"fusion-layout-column fusion_builder_column fusion_builder_column_1_1 fusion-builder-column-1 fusion-one-full fusion-column-first fusion-column-last fusion-column-no-min-height 1_1\"  style='margin-top:0px;margin-bottom:0px;'>\n\t\t\t\t\t<div class=\"fusion-column-wrapper\" style=\"background-position:left top;background-repeat:no-repeat;-webkit-background-size:cover;-moz-background-size:cover;-o-background-size:cover;background-size:cover;\"   data-bg-url=\"\">\n\t\t\t\t\t\t<style type=\"text\/css\"><\/style><div class=\"fusion-title title fusion-title-1 fusion-title-text fusion-title-size-two\" style=\"margin-top:0px;margin-bottom:31px;\"><h2 class=\"title-heading-left\" style=\"margin:0;\">Lohnunternehmen<\/h2><div class=\"title-sep-container\"><div class=\"title-sep sep-\" style=\"border-color:#e0dede;\"><\/div><\/div><\/div>\n<p>Ihr Spezialist f\u00fcr landwirtschaftliche Dienstleistungen.<\/p>\n<p>Kompetent und zuverl\u00e4ssig erledigen wir f\u00fcr Sie:<\/p>\n<div class=\"fusion-clearfix\"><\/div>\n\n\t\t\t\t\t<\/div>\n\t\t\t\t<\/div><div  class=\"fusion-layout-column fusion_builder_column fusion_builder_column_1_1 fusion-builder-column-2 fusion-one-full fusion-column-first fusion-column-last fusion-column-no-min-height 1_1\"  style='margin-top:0px;margin-bottom:0px;'>\n\t\t\t\t\t<div class=\"fusion-column-wrapper\" style=\"background-position:left top;background-repeat:no-repeat;-webkit-background-size:cover;-moz-background-size:cover;-o-background-size:cover;background-size:cover;\"   data-bg-url=\"\">\n\t\t\t\t\t\t<ul class=\"fusion-checklist fusion-checklist-1\" style=\"font-size:14px;line-height:23.8px;\">\n\n<li class=\"fusion-li-item\"><span style=\"background-color:#9db668;font-size:12.32px;height:23.8px;width:23.8px;margin-right:9.8px;\" class=\"icon-wrapper circle-yes\"><i class=\"fusion-li-icon fa fa-check\" style=\"color:#ffffff;\"><\/i><\/span><div class=\"fusion-li-item-content\" style=\"margin-left:33.6px;\">Bodenbearbeitung und Saat mit Scheibenschars\u00e4emaschine<\/div><\/li>\n<li class=\"fusion-li-item\"><span style=\"background-color:#9db668;font-size:12.32px;height:23.8px;width:23.8px;margin-right:9.8px;\" class=\"icon-wrapper circle-yes\"><i class=\"fusion-li-icon fa fa-check\" style=\"color:#ffffff;\"><\/i><\/span><div class=\"fusion-li-item-content\" style=\"margin-left:33.6px;\">Mulchsaat f\u00fcr Getreide und Mais mit Scheibenschars\u00e4emaschine<\/div><\/li>\n<li class=\"fusion-li-item\"><span style=\"background-color:#9db668;font-size:12.32px;height:23.8px;width:23.8px;margin-right:9.8px;\" class=\"icon-wrapper circle-yes\"><i class=\"fusion-li-icon fa fa-check\" style=\"color:#ffffff;\"><\/i><\/span><div class=\"fusion-li-item-content\" style=\"margin-left:33.6px;\">Maissaat mit D\u00fcngerbeigabe<\/div><\/li>\n<li class=\"fusion-li-item\"><span style=\"background-color:#9db668;font-size:12.32px;height:23.8px;width:23.8px;margin-right:9.8px;\" class=\"icon-wrapper circle-yes\"><i class=\"fusion-li-icon fa fa-check\" style=\"color:#ffffff;\"><\/i><\/span><div class=\"fusion-li-item-content\" style=\"margin-left:33.6px;\">Unkrautbek\u00e4mpfung mit neuer Feldspritze 12\/15 m<\/div><\/li>\n<li class=\"fusion-li-item\"><span style=\"background-color:#9db668;font-size:12.32px;height:23.8px;width:23.8px;margin-right:9.8px;\" class=\"icon-wrapper circle-yes\"><i class=\"fusion-li-icon fa fa-check\" style=\"color:#ffffff;\"><\/i><\/span><div class=\"fusion-li-item-content\" style=\"margin-left:33.6px;\">Gras- Maisernte mit zwei Feldh\u00e4cksler 6-reihig inkl. Einspr\u00fchung f\u00fcr Silagezus\u00e4tze<\/div><\/li>\n<li class=\"fusion-li-item\"><span style=\"background-color:#9db668;font-size:12.32px;height:23.8px;width:23.8px;margin-right:9.8px;\" class=\"icon-wrapper circle-yes\"><i class=\"fusion-li-icon fa fa-check\" style=\"color:#ffffff;\"><\/i><\/span><div class=\"fusion-li-item-content\" style=\"margin-left:33.6px;\">Rundballen f\u00fcr Gras, Stroh, Heu (System Vario- und Festkammer bis 24 Messer)<\/div><\/li>\n<li class=\"fusion-li-item\"><span style=\"background-color:#9db668;font-size:12.32px;height:23.8px;width:23.8px;margin-right:9.8px;\" class=\"icon-wrapper circle-yes\"><i class=\"fusion-li-icon fa fa-check\" style=\"color:#ffffff;\"><\/i><\/span><div class=\"fusion-li-item-content\" style=\"margin-left:33.6px;\">Rundballen f\u00fcr Gras, Stroh, Heu mit Krone Comprima<\/div><\/li>\n<li class=\"fusion-li-item\"><span style=\"background-color:#9db668;font-size:12.32px;height:23.8px;width:23.8px;margin-right:9.8px;\" class=\"icon-wrapper circle-yes\"><i class=\"fusion-li-icon fa fa-check\" style=\"color:#ffffff;\"><\/i><\/span><div class=\"fusion-li-item-content\" style=\"margin-left:33.6px;\">Quaderballen mit Schneiderotor 23 Messer f\u00fcr Gras Stroh, Heu<br \/>\n(Ballenmasse 80\u00d790 cm bis 250 cm)<\/div><\/li>\n<li class=\"fusion-li-item\"><span style=\"background-color:#9db668;font-size:12.32px;height:23.8px;width:23.8px;margin-right:9.8px;\" class=\"icon-wrapper circle-yes\"><i class=\"fusion-li-icon fa fa-check\" style=\"color:#ffffff;\"><\/i><\/span><div class=\"fusion-li-item-content\" style=\"margin-left:33.6px;\">Getreide und K\u00f6rnermaisernte mit M\u00e4hdrescher<\/div><\/li>\n<li class=\"fusion-li-item\"><span style=\"background-color:#9db668;font-size:12.32px;height:23.8px;width:23.8px;margin-right:9.8px;\" class=\"icon-wrapper circle-yes\"><i class=\"fusion-li-icon fa fa-check\" style=\"color:#ffffff;\"><\/i><\/span><div class=\"fusion-li-item-content\" style=\"margin-left:33.6px;\">Stroh mahlen direkt ab Feld mit Feldh\u00e4cksler<\/div><\/li>\n<li class=\"fusion-li-item\"><span style=\"background-color:#9db668;font-size:12.32px;height:23.8px;width:23.8px;margin-right:9.8px;\" class=\"icon-wrapper circle-yes\"><i class=\"fusion-li-icon fa fa-check\" style=\"color:#ffffff;\"><\/i><\/span><div class=\"fusion-li-item-content\" style=\"margin-left:33.6px;\">Gras m\u00e4hen mit Kreiselm\u00e4hwerk und schwaden mit Grossfl\u00e4chenschwader<\/div><\/li>\n<li class=\"fusion-li-item\"><span style=\"background-color:#9db668;font-size:12.32px;height:23.8px;width:23.8px;margin-right:9.8px;\" class=\"icon-wrapper circle-yes\"><i class=\"fusion-li-icon fa fa-check\" style=\"color:#ffffff;\"><\/i><\/span><div class=\"fusion-li-item-content\" style=\"margin-left:33.6px;\">Ausbringen von G\u00fclle mit 8.6 m3 Fass<\/div><\/li>\n<li class=\"fusion-li-item\"><span style=\"background-color:#9db668;font-size:12.32px;height:23.8px;width:23.8px;margin-right:9.8px;\" class=\"icon-wrapper circle-yes\"><i class=\"fusion-li-icon fa fa-check\" style=\"color:#ffffff;\"><\/i><\/span><div class=\"fusion-li-item-content\" style=\"margin-left:33.6px;\">Ausbringen von Kompost auf Ihre Felder<\/div><\/li>\n<li class=\"fusion-li-item\"><span style=\"background-color:#9db668;font-size:12.32px;height:23.8px;width:23.8px;margin-right:9.8px;\" class=\"icon-wrapper circle-yes\"><i class=\"fusion-li-icon fa fa-check\" style=\"color:#ffffff;\"><\/i><\/span><div class=\"fusion-li-item-content\" style=\"margin-left:33.6px;\">Kommunalarbeiten<\/div><\/li>\n<li class=\"fusion-li-item\"><span style=\"background-color:#9db668;font-size:12.32px;height:23.8px;width:23.8px;margin-right:9.8px;\" class=\"icon-wrapper circle-yes\"><i class=\"fusion-li-icon fa fa-check\" style=\"color:#ffffff;\"><\/i><\/span><div class=\"fusion-li-item-content\" style=\"margin-left:33.6px;\">uvm&#8230;<\/div><\/li>\n\n<\/ul>\n<div class=\"fusion-clearfix\"><\/div>\n\n\t\t\t\t\t<\/div>\n\t\t\t\t<\/div><div  class=\"fusion-layout-column fusion_builder_column fusion_builder_column_1_1 fusion-builder-column-3 fusion-one-full fusion-column-first fusion-column-last fusion-column-no-min-height 1_1\"  style='margin-top:0px;margin-bottom:0px;'>\n\t\t\t\t\t<div class=\"fusion-column-wrapper\" style=\"background-position:left top;background-repeat:no-repeat;-webkit-background-size:cover;-moz-background-size:cover;-o-background-size:cover;background-size:cover;\"   data-bg-url=\"\">\n\t\t\t\t\t\t            \n\t\t<div class=\"ngg-gallery-singlepic-image ngg-left\" style=\"max-width: 200px\">\n\t\t\t    \t<a href=\"http:\/\/juerghasler.ch\/public-new\/wp-content\/gallery\/maisernte-2011\/d3s_2008.jpg\"\n\t\t     title=\"\"\n             data-src=\"http:\/\/juerghasler.ch\/public-new\/wp-content\/gallery\/maisernte-2011\/d3s_2008.jpg\"\n             data-thumbnail=\"http:\/\/juerghasler.ch\/public-new\/wp-content\/gallery\/maisernte-2011\/thumbs\/thumbs_d3s_2008.jpg\"\n             data-image-id=\"3\"\n             data-title=\"d3s_2008\"\n             data-description=\"\"\n             target='_self'\n             class=\"ngg-fancybox\" rel=\"125810fd719c504cecccf66a69d2493e\">\n            <img class=\"ngg-singlepic\"\n             src=\"http:\/\/juerghasler.ch\/public-new\/wp-content\/gallery\/maisernte-2011\/cache\/d3s_2008.jpg-nggid013-ngg0dyn-200x150x100-00f0w010c010r110f110r010t010.jpg\"\n             alt=\"d3s_2008\"\n             title=\"d3s_2008\"\n              width=\"200\"               \/>\n    \t<\/a>\n\t\t      <\/div>\n        \u00a0<p>no images were found<\/p>\n\u00a0            \n\t\t<div class=\"ngg-gallery-singlepic-image ngg-left\" style=\"max-width: 200px\">\n\t\t\t    \t<a href=\"http:\/\/juerghasler.ch\/public-new\/wp-content\/gallery\/maisernte-2011\/d3s_2012.jpg\"\n\t\t     title=\"\"\n             data-src=\"http:\/\/juerghasler.ch\/public-new\/wp-content\/gallery\/maisernte-2011\/d3s_2012.jpg\"\n             data-thumbnail=\"http:\/\/juerghasler.ch\/public-new\/wp-content\/gallery\/maisernte-2011\/thumbs\/thumbs_d3s_2012.jpg\"\n             data-image-id=\"7\"\n             data-title=\"d3s_2012\"\n             data-description=\"\"\n             target='_self'\n             class=\"ngg-fancybox\" rel=\"fed6e4f8d01087ba8eb181d24508533e\">\n            <img class=\"ngg-singlepic\"\n             src=\"http:\/\/juerghasler.ch\/public-new\/wp-content\/gallery\/maisernte-2011\/cache\/d3s_2012.jpg-nggid017-ngg0dyn-200x150x100-00f0w010c010r110f110r010t010.jpg\"\n             alt=\"d3s_2012\"\n             title=\"d3s_2012\"\n              width=\"200\"               \/>\n    \t<\/a>\n\t\t      <\/div>\n        <div class=\"fusion-clearfix\"><\/div>\n\n\t\t\t\t\t<\/div>\n\t\t\t\t<\/div><\/div><\/div>\n","protected":false},"excerpt":{"rendered":"","protected":false},"author":2,"featured_media":0,"parent":2,"menu_order":30,"comment_status":"closed","ping_status":"closed","template":"side-navigation.php","meta":{"ngg_post_thumbnail":0,"footnotes":""},"class_list":["post-3634","page","type-page","status-publish","hentry"],"yoast_head":"<!-- This site is optimized with the Yoast SEO plugin v15.5 - https:\/\/yoast.com\/wordpress\/plugins\/seo\/ -->\r\n<title>Lohnunternehmen - juerghasler.ch<\/title>\r\n<meta name=\"robots\" content=\"index, follow, max-snippet:-1, max-image-preview:large, max-video-preview:-1\" \/>\r\n<link rel=\"canonical\" href=\"http:\/\/juerghasler.ch\/public-new\/home\/lohnunternehmen\/\" \/>\r\n<meta property=\"og:locale\" content=\"de_DE\" \/>\r\n<meta property=\"og:type\" content=\"article\" \/>\r\n<meta property=\"og:title\" content=\"Lohnunternehmen - juerghasler.ch\" \/>\r\n<meta property=\"og:url\" content=\"http:\/\/juerghasler.ch\/public-new\/home\/lohnunternehmen\/\" \/>\r\n<meta property=\"og:site_name\" content=\"juerghasler.ch\" \/>\r\n<meta property=\"article:modified_time\" content=\"2019-10-20T11:25:20+00:00\" \/>\r\n<meta name=\"twitter:label1\" content=\"Gesch\u00e4tzte Lesezeit\">\n\t<meta name=\"twitter:data1\" content=\"1\u00a0Minute\">\r\n<script type=\"application\/ld+json\" class=\"yoast-schema-graph\">{\"@context\":\"https:\/\/schema.org\",\"@graph\":[{\"@type\":\"WebSite\",\"@id\":\"http:\/\/juerghasler.ch\/public-new\/#website\",\"url\":\"http:\/\/juerghasler.ch\/public-new\/\",\"name\":\"juerghasler.ch\",\"description\":\"Ihr Partner in der Landwirtschaft\",\"potentialAction\":[{\"@type\":\"SearchAction\",\"target\":\"http:\/\/juerghasler.ch\/public-new\/?s={search_term_string}\",\"query-input\":\"required name=search_term_string\"}],\"inLanguage\":\"de\"},{\"@type\":\"WebPage\",\"@id\":\"http:\/\/juerghasler.ch\/public-new\/home\/lohnunternehmen\/#webpage\",\"url\":\"http:\/\/juerghasler.ch\/public-new\/home\/lohnunternehmen\/\",\"name\":\"Lohnunternehmen - juerghasler.ch\",\"isPartOf\":{\"@id\":\"http:\/\/juerghasler.ch\/public-new\/#website\"},\"datePublished\":\"2013-03-31T23:31:27+00:00\",\"dateModified\":\"2019-10-20T11:25:20+00:00\",\"inLanguage\":\"de\",\"potentialAction\":[{\"@type\":\"ReadAction\",\"target\":[\"http:\/\/juerghasler.ch\/public-new\/home\/lohnunternehmen\/\"]}]}]}<\/script>\r\n<!-- \/ Yoast SEO plugin. -->","_links":{"self":[{"href":"http:\/\/juerghasler.ch\/public-new\/wp-json\/wp\/v2\/pages\/3634","targetHints":{"allow":["GET"]}}],"collection":[{"href":"http:\/\/juerghasler.ch\/public-new\/wp-json\/wp\/v2\/pages"}],"about":[{"href":"http:\/\/juerghasler.ch\/public-new\/wp-json\/wp\/v2\/types\/page"}],"author":[{"embeddable":true,"href":"http:\/\/juerghasler.ch\/public-new\/wp-json\/wp\/v2\/users\/2"}],"replies":[{"embeddable":true,"href":"http:\/\/juerghasler.ch\/public-new\/wp-json\/wp\/v2\/comments?post=3634"}],"version-history":[{"count":16,"href":"http:\/\/juerghasler.ch\/public-new\/wp-json\/wp\/v2\/pages\/3634\/revisions"}],"predecessor-version":[{"id":5396,"href":"http:\/\/juerghasler.ch\/public-new\/wp-json\/wp\/v2\/pages\/3634\/revisions\/5396"}],"up":[{"embeddable":true,"href":"http:\/\/juerghasler.ch\/public-new\/wp-json\/wp\/v2\/pages\/2"}],"wp:attachment":[{"href":"http:\/\/juerghasler.ch\/public-new\/wp-json\/wp\/v2\/media?parent=3634"}],"curies":[{"name":"wp","href":"https:\/\/api.w.org\/{rel}","templated":true}]}}